{"id":1169,"date":"2020-09-15T16:50:12","date_gmt":"2020-09-15T14:50:12","guid":{"rendered":"https:\/\/rolfgerard.com\/mein-leben\/"},"modified":"2026-03-30T11:04:40","modified_gmt":"2026-03-30T09:04:40","slug":"mein-leben","status":"publish","type":"page","link":"https:\/\/rolfgerard.com\/de\/mein-leben\/","title":{"rendered":"Mein Leben"},"content":{"rendered":"<div class=\"et_pb_section_0 et_pb_section et_section_regular et_block_section\"><div class=\"et_pb_row_0 et_pb_row et_block_row\"><div class=\"et_pb_column_0 et_pb_column et_pb_column_4_4 et-last-child et_block_column et_pb_css_mix_blend_mode_passthrough\"><div class=\"et_pb_text_0 et_pb_text et_pb_bg_layout_light et_pb_module et_block_module\"><div class=\"et_pb_text_inner\"><h3><img loading=\"lazy\" decoding=\"async\" src=\"https:\/\/rolfgerard.com\/wp-content\/uploads\/2020\/09\/r-214x300.jpg\" width=\"294\" height=\"412\" alt=\"\" class=\"wp-image-526 alignnone size-medium\" srcset=\"https:\/\/rolfgerard.com\/wp-content\/uploads\/2020\/09\/r-214x300.jpg 214w, https:\/\/rolfgerard.com\/wp-content\/uploads\/2020\/09\/r.jpg 370w\" sizes=\"(max-width: 294px) 100vw, 294px\" \/><\/h3>\n<h3><\/h3>\n<blockquote>\n<h3>Mein Leben<\/h3>\n<\/blockquote>\n<p>Ich bin am 9. August 1909 in Berlin geboren als Sohn des deutschen Wissenschaftlers hugenottischer Abstammung, Walter G\u00e9rard und der ber\u00fchmten italienischen S\u00e4ngerin, Mafalda Salvatini.<\/p>\n<p>Ich begann zu zeichnen, noch bevor ich lesen und schreiben konnte.<\/p>\n<p>1914, zu Beginn des ersten Weltkrieges, tr\u00f6stete ich meinen Vater bereits mit Karikaturen. Voller Neugier am Menschen portr\u00e4tierte ich sp\u00e4ter meine Professoren, die ich meistens mit Tieren verglich. So ist es noch bis heute. Am Anfang war also die Form. Die Sehnsucht nach Farbe erf\u00fcllte sich erst mit den Reisen meiner Jugend nach S\u00fcditalien, Nordafrika und dem hohen Norden. Nach Vollendung des Gymnasiums tr\u00e4umte ich haupts\u00e4chlich von Griechenland und der Odyssee.   <\/p>\n<p>Ein K\u00fcnstler? Nein! Ein Beruf, bitte, keine Berufung \u2013 bestanden meine Eltern besorgt darauf. Wir entschieden uns f\u00fcr die Medizin, mit starkem Schwerpunkt auf den bis dahin vernachl\u00e4ssigten exakten Wissenschaften, erg\u00e4nzt durch Philosophie und Logik. \u2013 Der Junge muss vor allem lernen, klar zu denken \u2013 erkl\u00e4rte mein Vater, \u00fcberzeugt davon, mir eine gute Vorbereitung auf die Herausforderungen zu geben, die die Zukunft sicherlich bereithalten w\u00fcrde.    <\/p>\n<p>Aber es kam ganz anders.<\/p>\n<p>In Deutschland hatte sich unterdessen der Nationalsozialismus ausgebreitet. Die Massen der Braunhemden begannen, unerh\u00f6rte Dinge zu br\u00fcllen. <\/p>\n<p>1932 befand ich mich in Oxford \u2013 einer der wenigen Oasen, die der grauen Zeit der Gedankenfreiheit noch gew\u00e4hrt wurden \u2013 und von diesem privilegierten Beobachtungsposten aus wurde mir bewusst, was in Deutschland tats\u00e4chlich vor sich ging. 1933 versch\u00e4rfte sich die Lage derart, dass ich gezwungen war, Deutschland \u00fcberst\u00fcrzt zu verlassen. Ich ging nach Paris. Die Sorbonne war zweifellos reizvoll, und in Paris \u00fcbte die Malerei eine unwiderstehliche Faszination auf mich aus. Doch ich musste mein Studium noch beenden.    <\/p>\n<p>Die n\u00f6tige Konzentration fand ich im geliebten Basel, wo ich 1937 mein Medizinstudium abschloss. Kurz darauf zog ich nach London. Das k\u00fcnstlerische Umfeld, das mich aus famili\u00e4ren Gr\u00fcnden umgab, weckte mein Interesse an der Welt der Musik und des Theaters. Dort, so vermute ich, gewann die Kunst die Oberhand \u00fcber mich. Sp\u00e4ter, w\u00e4hrend des Zweiten Weltkriegs, erm\u00f6glichte mir der gro\u00dfe Mangel an \u00c4rzten endlich, meinen Beruf auszu\u00fcben, vor allem als Notarzt. Inmitten des Kriegsget\u00fcmmels lernte ich den ber\u00fchmten Regisseur Peter Brook kennen und begann, mit ihm zusammenzuarbeiten. Mitten im Krieg begegnete ich auch Oscar Kokoschka, einem wunderbaren Menschen, von dem ich viel lernen durfte.      <\/p>\n<p>Nach Kriegsende arbeitete ich erneut mit Peter Brook an der Inszenierung von \u201eRomeo und Julia\u201c in Stratford-upon-Avon, Shakespeares Geburtsstadt. Gl\u00fccklicherweise konnte ich die britische Staatsb\u00fcrgerschaft erwerben. <\/p>\n<p>Kurz darauf hatte ich das Vergn\u00fcgen und die Ehre, als B\u00fchnenbildner f\u00fcr Mozart-Opern an der Glyndebourne Opera in Sussex sowie in Edinburgh zu arbeiten.<\/p>\n<p>1950 wurde ich vom neu gew\u00e4hlten Intendanten der Metropolitan Opera, Rudolf Bing, nach New York berufen, um die Inszenierung von Verdis Oper \u201eDon Carlo\u201c zu \u00fcbernehmen. Dies war der Beginn einer Zusammenarbeit, die \u00fcber zwanzig Jahre andauern sollte und es mir erm\u00f6glichte, jeden Sommer in Europa zu arbeiten. <\/p>\n<p>Die Heirat mit Kyra, die russischer Herkunft war, er\u00f6ffnete mir 1951 eine ganz neue Welt und eine neue Seele: die slawische.<\/p>\n<p>Marie Cuttoli, der Gr\u00fcnderin des Picasso-Museums, verdanke ich den Zugang zu seinem Atelier in Antibes, den sie mir 1955 gro\u00dfz\u00fcgig gew\u00e4hrte. Der Vorschlag fand die Unterst\u00fctzung von Picasso selbst, der mit seinem gro\u00dfartigen Humor deutlich seine Erleichterung dar\u00fcber zum Ausdruck brachte, dass ich es nicht gewagt hatte, ihn nachzuahmen. In Vallauris erlaubte er mir sogar, seinen eigenen Brennofen zum Brennen meiner Keramiken zu benutzen. Die im Museum entstandenen Werke wurden anschlie\u00dfend in Paris ausgestellt, und der franz\u00f6sische Staat erwarb ein \u00d6lgem\u00e4lde und eine Gouache.   <\/p>\n<p>1959 wurde mir von Frankreich der Titel \u201eChevalier de la L\u00e9gion d\u2019honneur\u201c und 1971 der Titel \u201eOfficier\u201c f\u00fcr meine T\u00e4tigkeit in Europa und Amerika verliehen. Zu jener Zeit wurde ich von Herbert Graf an die Genfer Oper berufen; dessen Tod fiel mit dem Ausbruch der schweren Krankheit zusammen, die zum Tod meiner einzigen und gro\u00dfen Inspirationsquelle, meiner Frau, f\u00fchrte. Nach diesem traurigen Ereignis war ich lange Zeit orientierungslos. Als ich mich wieder gefasst hatte, kehrte ich Genf den R\u00fccken, jedoch ohne ein Ziel vor Augen.   <\/p>\n<p>Es war das Schicksal, das mir damals zwei neue Ziele vorzeichnete: eine Frau, die ich nach vierzig Jahren wiedersah, und einen See, hier in Ascona.<\/p>\n<p>&nbsp;<\/p>\n<p>&nbsp;<\/p>\n<h3><img loading=\"lazy\" decoding=\"async\" src=\"https:\/\/rolfgerard.com\/wp-content\/uploads\/2020\/09\/Logof-128x300.png\" width=\"128\" height=\"300\" alt=\"\" class=\"wp-image-1003 alignnone size-medium\" style=\"display: block; margin-left: auto; margin-right: auto;\"><\/h3>\n<p><!-- \/divi:spacer --> <!-- divi:paragraph --> <!-- \/divi:paragraph --><\/p>\n<\/div><\/div><\/div><\/div><\/div>","protected":false},"excerpt":{"rendered":"","protected":false},"author":1,"featured_media":0,"parent":0,"menu_order":0,"comment_status":"closed","ping_status":"closed","template":"","meta":{"footnotes":""},"class_list":["post-1169","page","type-page","status-publish","hentry"],"yoast_head":"<!-- This site is optimized with the Yoast SEO plugin v27.3 - https:\/\/yoast.com\/product\/yoast-seo-wordpress\/ -->\n<title>Mein Leben &#187; FONDAZIONE ROLF G\u00c9RARD<\/title>\n<meta name=\"description\" content=\"Mein Leben Ich wurde am 9. August 1909 in Berlin als Sohn von Walter G\u00e9rard, einem deutschen Wissenschaftler hugenottischer Herkunft und der ber\u00fchmten italienischen S\u00e4ngerin Mafalda Salvatini, geboren. Ich begann zu zeichnen, noch bevor ich lesen und schreiben konnte.\" \/>\n<meta name=\"robots\" content=\"index, follow, max-snippet:-1, max-image-preview:large, max-video-preview:-1\" \/>\n<link rel=\"canonical\" href=\"https:\/\/rolfgerard.com\/de\/mein-leben\/\" \/>\n<meta property=\"og:locale\" content=\"de_DE\" \/>\n<meta property=\"og:type\" content=\"article\" \/>\n<meta property=\"og:title\" content=\"Mein Leben &#187; FONDAZIONE ROLF G\u00c9RARD\" \/>\n<meta property=\"og:description\" content=\"Mein Leben Ich wurde am 9. August 1909 in Berlin als Sohn von Walter G\u00e9rard, einem deutschen Wissenschaftler hugenottischer Herkunft und der ber\u00fchmten italienischen S\u00e4ngerin Mafalda Salvatini, geboren. Ich begann zu zeichnen, noch bevor ich lesen und schreiben konnte.\" \/>\n<meta property=\"og:url\" content=\"https:\/\/rolfgerard.com\/de\/mein-leben\/\" \/>\n<meta property=\"og:site_name\" content=\"FONDAZIONE ROLF G\u00c9RARD\" \/>\n<meta property=\"article:publisher\" content=\"https:\/\/www.facebook.com\/rolf.gerard.50\" \/>\n<meta property=\"article:modified_time\" content=\"2026-03-30T09:04:40+00:00\" \/>\n<meta property=\"og:image\" content=\"https:\/\/rolfgerard.com\/wp-content\/uploads\/2020\/09\/1-3.jpg\" \/>\n\t<meta property=\"og:image:width\" content=\"808\" \/>\n\t<meta property=\"og:image:height\" content=\"355\" \/>\n\t<meta property=\"og:image:type\" content=\"image\/jpeg\" \/>\n<meta name=\"twitter:card\" content=\"summary_large_image\" \/>\n<script type=\"application\/ld+json\" class=\"yoast-schema-graph\">{\"@context\":\"https:\\\/\\\/schema.org\",\"@graph\":[{\"@type\":\"WebPage\",\"@id\":\"https:\\\/\\\/rolfgerard.com\\\/de\\\/mein-leben\\\/\",\"url\":\"https:\\\/\\\/rolfgerard.com\\\/de\\\/mein-leben\\\/\",\"name\":\"Mein Leben &#187; FONDAZIONE ROLF G\u00c9RARD\",\"isPartOf\":{\"@id\":\"https:\\\/\\\/rolfgerard.com\\\/de\\\/#website\"},\"datePublished\":\"2020-09-15T14:50:12+00:00\",\"dateModified\":\"2026-03-30T09:04:40+00:00\",\"description\":\"Mein Leben Ich wurde am 9. August 1909 in Berlin als Sohn von Walter G\u00e9rard, einem deutschen Wissenschaftler hugenottischer Herkunft und der ber\u00fchmten italienischen S\u00e4ngerin Mafalda Salvatini, geboren. Ich begann zu zeichnen, noch bevor ich lesen und schreiben konnte.\",\"inLanguage\":\"de\",\"potentialAction\":[{\"@type\":\"ReadAction\",\"target\":[\"https:\\\/\\\/rolfgerard.com\\\/de\\\/mein-leben\\\/\"]}]},{\"@type\":\"WebSite\",\"@id\":\"https:\\\/\\\/rolfgerard.com\\\/de\\\/#website\",\"url\":\"https:\\\/\\\/rolfgerard.com\\\/de\\\/\",\"name\":\"FONDAZIONE ROLF G\u00c9RARD\",\"description\":\"\",\"publisher\":{\"@id\":\"https:\\\/\\\/rolfgerard.com\\\/de\\\/#organization\"},\"potentialAction\":[{\"@type\":\"SearchAction\",\"target\":{\"@type\":\"EntryPoint\",\"urlTemplate\":\"https:\\\/\\\/rolfgerard.com\\\/de\\\/?s={search_term_string}\"},\"query-input\":{\"@type\":\"PropertyValueSpecification\",\"valueRequired\":true,\"valueName\":\"search_term_string\"}}],\"inLanguage\":\"de\"},{\"@type\":\"Organization\",\"@id\":\"https:\\\/\\\/rolfgerard.com\\\/de\\\/#organization\",\"name\":\"FONDAZIONE ROLF G\u00c9RARD\",\"url\":\"https:\\\/\\\/rolfgerard.com\\\/de\\\/\",\"logo\":{\"@type\":\"ImageObject\",\"inLanguage\":\"de\",\"@id\":\"https:\\\/\\\/rolfgerard.com\\\/de\\\/#\\\/schema\\\/logo\\\/image\\\/\",\"url\":\"https:\\\/\\\/rolfgerard.com\\\/wp-content\\\/uploads\\\/2026\\\/03\\\/LFRG.png\",\"contentUrl\":\"https:\\\/\\\/rolfgerard.com\\\/wp-content\\\/uploads\\\/2026\\\/03\\\/LFRG.png\",\"width\":900,\"height\":149,\"caption\":\"FONDAZIONE ROLF G\u00c9RARD\"},\"image\":{\"@id\":\"https:\\\/\\\/rolfgerard.com\\\/de\\\/#\\\/schema\\\/logo\\\/image\\\/\"},\"sameAs\":[\"https:\\\/\\\/www.facebook.com\\\/rolf.gerard.50\"]}]}<\/script>\n<!-- \/ Yoast SEO plugin. -->","yoast_head_json":{"title":"Mein Leben &#187; FONDAZIONE ROLF G\u00c9RARD","description":"Mein Leben Ich wurde am 9. August 1909 in Berlin als Sohn von Walter G\u00e9rard, einem deutschen Wissenschaftler hugenottischer Herkunft und der ber\u00fchmten italienischen S\u00e4ngerin Mafalda Salvatini, geboren. Ich begann zu zeichnen, noch bevor ich lesen und schreiben konnte.","robots":{"index":"index","follow":"follow","max-snippet":"max-snippet:-1","max-image-preview":"max-image-preview:large","max-video-preview":"max-video-preview:-1"},"canonical":"https:\/\/rolfgerard.com\/de\/mein-leben\/","og_locale":"de_DE","og_type":"article","og_title":"Mein Leben &#187; FONDAZIONE ROLF G\u00c9RARD","og_description":"Mein Leben Ich wurde am 9. August 1909 in Berlin als Sohn von Walter G\u00e9rard, einem deutschen Wissenschaftler hugenottischer Herkunft und der ber\u00fchmten italienischen S\u00e4ngerin Mafalda Salvatini, geboren. Ich begann zu zeichnen, noch bevor ich lesen und schreiben konnte.","og_url":"https:\/\/rolfgerard.com\/de\/mein-leben\/","og_site_name":"FONDAZIONE ROLF G\u00c9RARD","article_publisher":"https:\/\/www.facebook.com\/rolf.gerard.50","article_modified_time":"2026-03-30T09:04:40+00:00","og_image":[{"width":808,"height":355,"url":"https:\/\/rolfgerard.com\/wp-content\/uploads\/2020\/09\/1-3.jpg","type":"image\/jpeg"}],"twitter_card":"summary_large_image","schema":{"@context":"https:\/\/schema.org","@graph":[{"@type":"WebPage","@id":"https:\/\/rolfgerard.com\/de\/mein-leben\/","url":"https:\/\/rolfgerard.com\/de\/mein-leben\/","name":"Mein Leben &#187; FONDAZIONE ROLF G\u00c9RARD","isPartOf":{"@id":"https:\/\/rolfgerard.com\/de\/#website"},"datePublished":"2020-09-15T14:50:12+00:00","dateModified":"2026-03-30T09:04:40+00:00","description":"Mein Leben Ich wurde am 9. August 1909 in Berlin als Sohn von Walter G\u00e9rard, einem deutschen Wissenschaftler hugenottischer Herkunft und der ber\u00fchmten italienischen S\u00e4ngerin Mafalda Salvatini, geboren. Ich begann zu zeichnen, noch bevor ich lesen und schreiben konnte.","inLanguage":"de","potentialAction":[{"@type":"ReadAction","target":["https:\/\/rolfgerard.com\/de\/mein-leben\/"]}]},{"@type":"WebSite","@id":"https:\/\/rolfgerard.com\/de\/#website","url":"https:\/\/rolfgerard.com\/de\/","name":"FONDAZIONE ROLF G\u00c9RARD","description":"","publisher":{"@id":"https:\/\/rolfgerard.com\/de\/#organization"},"potentialAction":[{"@type":"SearchAction","target":{"@type":"EntryPoint","urlTemplate":"https:\/\/rolfgerard.com\/de\/?s={search_term_string}"},"query-input":{"@type":"PropertyValueSpecification","valueRequired":true,"valueName":"search_term_string"}}],"inLanguage":"de"},{"@type":"Organization","@id":"https:\/\/rolfgerard.com\/de\/#organization","name":"FONDAZIONE ROLF G\u00c9RARD","url":"https:\/\/rolfgerard.com\/de\/","logo":{"@type":"ImageObject","inLanguage":"de","@id":"https:\/\/rolfgerard.com\/de\/#\/schema\/logo\/image\/","url":"https:\/\/rolfgerard.com\/wp-content\/uploads\/2026\/03\/LFRG.png","contentUrl":"https:\/\/rolfgerard.com\/wp-content\/uploads\/2026\/03\/LFRG.png","width":900,"height":149,"caption":"FONDAZIONE ROLF G\u00c9RARD"},"image":{"@id":"https:\/\/rolfgerard.com\/de\/#\/schema\/logo\/image\/"},"sameAs":["https:\/\/www.facebook.com\/rolf.gerard.50"]}]}},"_links":{"self":[{"href":"https:\/\/rolfgerard.com\/de\/wp-json\/wp\/v2\/pages\/1169","targetHints":{"allow":["GET"]}}],"collection":[{"href":"https:\/\/rolfgerard.com\/de\/wp-json\/wp\/v2\/pages"}],"about":[{"href":"https:\/\/rolfgerard.com\/de\/wp-json\/wp\/v2\/types\/page"}],"author":[{"embeddable":true,"href":"https:\/\/rolfgerard.com\/de\/wp-json\/wp\/v2\/users\/1"}],"replies":[{"embeddable":true,"href":"https:\/\/rolfgerard.com\/de\/wp-json\/wp\/v2\/comments?post=1169"}],"version-history":[{"count":2,"href":"https:\/\/rolfgerard.com\/de\/wp-json\/wp\/v2\/pages\/1169\/revisions"}],"predecessor-version":[{"id":6283,"href":"https:\/\/rolfgerard.com\/de\/wp-json\/wp\/v2\/pages\/1169\/revisions\/6283"}],"wp:attachment":[{"href":"https:\/\/rolfgerard.com\/de\/wp-json\/wp\/v2\/media?parent=1169"}],"curies":[{"name":"wp","href":"https:\/\/api.w.org\/{rel}","templated":true}]}}