{"id":1242,"date":"2020-09-15T19:09:35","date_gmt":"2020-09-15T17:09:35","guid":{"rendered":"https:\/\/rolfgerard.com\/kontakte\/"},"modified":"2026-03-30T10:25:17","modified_gmt":"2026-03-30T08:25:17","slug":"kontakte","status":"publish","type":"page","link":"https:\/\/rolfgerard.com\/de\/kontakte\/","title":{"rendered":"Kontakte"},"content":{"rendered":"\n<div class=\"et_pb_section_0 et_pb_section et_section_regular et_block_section\"><div class=\"et_pb_row_0 et_pb_row et_block_row et_animated\" id=\"contatti\"><div class=\"et_pb_column_0 et_pb_column et_pb_column_4_4 et-last-child et_block_column et_pb_css_mix_blend_mode_passthrough\"><div class=\"et_pb_text_0 et_pb_text et_pb_bg_layout_dark et_pb_module et_block_module\"><div class=\"et_pb_text_inner\"><h1>Kontakte<\/h1>\n<\/div><\/div><\/div><\/div><\/div><div class=\"et_pb_section_1 et_pb_section et_section_regular et_block_section\"><div class=\"et_pb_row_1 et_pb_row et_pb_equal_columns et_block_row\"><div class=\"et_pb_column_1 et_pb_column et_pb_column_2_3 et_block_column et_pb_css_mix_blend_mode_passthrough\"><div class=\"et_pb_contact_form_0 et_pb_contact_form_container clearfix et_pb_recaptcha_enabled et_pb_module et_flex_module\" data-form_unique_num=\"0\" data-form_unique_id=\"2f96dca7-6cc6-406e-a8e5-8867c9790874\" id=\"et_pb_contact_form_0\"><div class=\"et-pb-contact-message\"><\/div><div class=\"et_pb_contact\"><form class=\"et_pb_contact_form et_flex_module\" method=\"post\" action=\"https:\/\/rolfgerard.com\/de\/wp-json\/wp\/v2\/pages\/1242\"><div class=\"et_pb_contact_field_0 et_pb_contact_field et_pb_module et_flex_module et_flex_column_12_24 et_flex_column_12_24_tablet et_flex_column_12_24_phone\" data-id=\"nome\" data-type=\"input\"><label class=\"et_pb_contact_form_label\" for=\"et_pb_contact_0_nome_0\">Name<\/label><input type=\"text\" name=\"et_pb_contact_0_nome_0\" id=\"et_pb_contact_0_nome_0\" class=\"input\" data-required_mark=\"required\" data-field_type=\"input\" data-original_id=\"nome\" placeholder=\"Name\" title=\"\" value=\"\" \/><\/div><div class=\"et_pb_contact_field_1 et_pb_contact_field et_pb_module et_flex_module et_flex_column_12_24 et_flex_column_12_24_tablet et_flex_column_12_24_phone\" data-id=\"cognome\" data-type=\"input\"><label class=\"et_pb_contact_form_label\" for=\"et_pb_contact_0_cognome_1\">Nachname<\/label><input type=\"text\" name=\"et_pb_contact_0_cognome_1\" id=\"et_pb_contact_0_cognome_1\" class=\"input\" data-required_mark=\"required\" data-field_type=\"input\" data-original_id=\"cognome\" placeholder=\"Nachname\" title=\"\" value=\"\" \/><\/div><div class=\"et_pb_contact_field_2 et_pb_contact_field et_pb_module et_flex_module et_flex_column_12_24 et_flex_column_12_24_tablet et_flex_column_12_24_phone\" data-id=\"telefono\" data-type=\"input\"><label class=\"et_pb_contact_form_label\" for=\"et_pb_contact_0_telefono_2\">Telefonnummer<\/label><input type=\"text\" name=\"et_pb_contact_0_telefono_2\" id=\"et_pb_contact_0_telefono_2\" class=\"input\" data-required_mark=\"required\" data-field_type=\"input\" data-original_id=\"telefono\" placeholder=\"Telefonnummer\" pattern=\"[0-9\\s\\-]*\" title=\"Nur Zahlen erlaubt.\" value=\"\" \/><\/div><div class=\"et_pb_contact_field_3 et_pb_contact_field et_pb_module et_flex_module et_flex_column_12_24 et_flex_column_12_24_tablet et_flex_column_12_24_phone\" data-id=\"email\" data-type=\"email\"><label class=\"et_pb_contact_form_label\" for=\"et_pb_contact_0_email_3\">Email<\/label><input type=\"text\" name=\"et_pb_contact_0_email_3\" id=\"et_pb_contact_0_email_3\" class=\"input\" data-required_mark=\"required\" data-field_type=\"email\" data-original_id=\"email\" placeholder=\"Email\" title=\"\" value=\"\" \/><\/div><div class=\"et_pb_contact_field_4 et_pb_contact_field et_pb_module et_flex_module et_flex_column_24_24 et_flex_column_24_24_tablet et_flex_column_24_24_phone\" data-id=\"messaggio\" data-type=\"text\"><label class=\"et_pb_contact_form_label\" for=\"et_pb_contact_0_messaggio_4\">Nachricht<\/label><textarea name=\"et_pb_contact_0_messaggio_4\" id=\"et_pb_contact_0_messaggio_4\" class=\"et_pb_contact_message input\" data-required_mark=\"required\" data-field_type=\"text\" data-original_id=\"messaggio\" placeholder=\"Nachricht\"><\/textarea><\/div><input type=\"hidden\" name=\"et_pb_contactform_submit_2f96dca7-6cc6-406e-a8e5-8867c9790874\" value=\"et_contact_proccess\" \/><div class=\"et_contact_bottom_container\"><div class=\"et_pb_button_wrapper\"><button type=\"submit\" name=\"et_builder_submit_button\" class=\"et_pb_button et_pb_contact_submit\">Senden<\/button><\/div><\/div><input type=\"hidden\" id=\"_wpnonce-et-pb-contact-form-submitted-2f96dca7-6cc6-406e-a8e5-8867c9790874\" name=\"_wpnonce-et-pb-contact-form-submitted-2f96dca7-6cc6-406e-a8e5-8867c9790874\" value=\"4725d77fc5\" \/><input type=\"hidden\" name=\"_wp_http_referer\" value=\"\/de\/wp-json\/wp\/v2\/pages\/1242\" \/><\/form><\/div><\/div><\/div><div class=\"et_pb_column_2 et_pb_column et_pb_column_1_3 et-last-child et_block_column et_pb_css_mix_blend_mode_passthrough\"><div class=\"et_pb_text_1 et_pb_text et_pb_bg_layout_light et_animated et_pb_module et_block_module\"><div class=\"et_pb_text_inner\"><blockquote>\n<h3>Fondazione Rolf G\u00e9rard<\/h3>\n<\/blockquote>\n<p>Via Carr\u00e0 dei Nasi 1<br \/>6612 Ascona<br \/>Svizzera<\/p>\n<p><strong>Tel. 091 791 19 82<\/strong><br \/> <a href=\"mailto:info@rolfgerard.com\" title=\"\">info@rolfgerard.com<\/a><\/p>\n<p>&nbsp;<\/p>\n<\/div><\/div><div class=\"et_pb_blurb_0 et_pb_blurb et_pb_bg_layout_light et_pb_blurb_position_top et_pb_module et_block_module\"><div class=\"et_pb_blurb_content\"><div class=\"et_pb_main_blurb_image\"><span class=\"et_pb_image_wrap et_pb_only_image_mode_wrap\"><img loading=\"lazy\" decoding=\"async\" src=\"https:\/\/rolfgerard.com\/wp-content\/uploads\/2020\/09\/casa.jpg\" width=\"193\" height=\"99\" srcset=\"https:\/\/rolfgerard.com\/wp-content\/uploads\/2020\/09\/casa.jpg 193w\" sizes=\"(max-width: 193px) 100vw, 193px\" class=\"wp-image-152\" \/><\/span><\/div><div class=\"et_pb_blurb_container\"><div class=\"et_pb_blurb_description\"><p>Die Rolf G\u00e9rard-Stiftung hat ihren Sitz im alten Haus Ressiga-Vacchini im historischen Zentrum von Ascona.<\/p>\n<\/div><\/div><\/div><\/div><\/div><\/div><\/div><div class=\"et_pb_section_2 et_pb_section et_section_regular et_block_section\"><div class=\"et_pb_row_2 et_pb_row et_block_row\"><div class=\"et_pb_column_3 et_pb_column et_pb_column_4_4 et-last-child et_block_column et_pb_css_mix_blend_mode_passthrough\"><div class=\"et_pb_divider_0 et_pb_divider et_pb_space et_pb_divider_position_top et_pb_module\"><div class=\"et_pb_divider_internal\"><\/div><\/div><div class=\"et_pb_text_2 et_pb_text et_pb_bg_layout_light et_pb_module et_block_module\"><div class=\"et_pb_text_inner\"><blockquote>\n<h2><strong>Wer sind wir<\/strong><\/h2>\n<\/blockquote>\n<p><strong><\/strong><\/p>\n<p>Die Stiftung verf\u00fcgt \u00fcber eine beachtliche Sammlung von Gem\u00e4lden und grafischen Werken; nicht nur Gem\u00e4lde und Zeichnungen, die mit verschiedenen Techniken angefertigt wurden, sondern auch unz\u00e4hlige Skizzen und Entw\u00fcrfe der Opern- und Theaterproduktionen, die G\u00e9rard in Europa und vor allem in den Vereinigten Staaten anfertigte, wo er seine \u00fcber zwanzigj\u00e4hrige T\u00e4tigkeit als B\u00fchnenbildner der Metropolitan Opera of New York mit der Inszenierung von Verdis \u201e Don Carlo\u201c begann, die noch heute ein Symbol der MET ist.<\/p>\n<\/div><\/div><\/div><\/div><div class=\"et_pb_row_3 et_pb_row et_block_row\"><div class=\"et_pb_column_4 et_pb_column et_pb_column_4_4 et-last-child et_block_column et_pb_css_mix_blend_mode_passthrough\"><div class=\"et_pb_divider_1 et_pb_divider et_pb_space et_pb_divider_position_top et_pb_module\"><div class=\"et_pb_divider_internal\"><\/div><\/div><\/div><\/div><div class=\"et_pb_row_4 et_pb_row et_block_row\"><div class=\"et_pb_column_5 et_pb_column et_pb_column_4_4 et-last-child et_block_column et_pb_css_mix_blend_mode_passthrough\"><div class=\"et_pb_text_3 et_pb_text et_pb_bg_layout_light et_pb_module et_block_module\"><div class=\"et_pb_text_inner\"><blockquote>\n<h2><strong>Mitglieder der Stiftung<\/strong><\/h2>\n<\/blockquote>\n<p><strong><\/strong><\/p>\n<p><strong><\/strong><\/p>\n<table class=\"normalTable list\" cellspacing=\"0\">\n<tbody><\/tbody>\n<\/table>\n<h4><strong>Pr\u00e4sident<\/strong><\/h4>\n<p>Mirolo Diana<br \/><a href=\"mailto:diana.mirolo@bluemail.ch\">diana.mirolo@bluemail.ch<\/a><\/p>\n<p>&nbsp;<\/p>\n<h4><strong>Vize \u2013 Pr\u00e4sident<\/strong><\/h4>\n<p>Roland Meuter<br \/><a href=\"mailto:info@rmeuter.ch\">info@rmeuter.ch<\/a><\/p>\n<p>&nbsp;<\/p>\n<h4><strong>Finanzberater<\/strong><\/h4>\n<p>Emilio Bernasconi<br \/><a href=\"mailto:emilio.bernasconi@krystalfamily.ch\">emilio.bernasconi@krystalfamily.ch<\/a><\/p>\n<p>&nbsp;<\/p>\n<p><span style=\"color: #000000;\"><strong>Mitglied und Vertreterin der Gemeinde Ascona: <\/strong><\/span><\/p>\n<p>Maurizio Checchi<br \/><a href=\"mailto:maurizio.checchi@gmx.ch\">maurizio.checchi@gmx.ch<\/a><\/p>\n<p>&nbsp;<\/p>\n<h4><strong>Mitglied:<\/strong><\/h4>\n<p>John Henri Mueller<br \/><a href=\"mailto:muellerjohn@bluewin.ch\">muellerjohn@bluewin.ch<\/a><\/p>\n<p>&nbsp;<\/p>\n<h4><strong><span style=\"color: #000000;\">Mitglied:<\/span><\/strong><\/h4>\n<p>Giselda Saletti<br \/><a href=\"mailto:giseldasaletti@bluewin.ch\">giseldasaletti@bluewin.ch<\/a><\/p>\n<p>&nbsp;<\/p>\n<h4><strong><span style=\"color: #000000;\">Mitglied:<\/span><\/strong><\/h4>\n<p>Andrea Pieroni<br \/><a href=\"mailto:info@lacartoleria.ch\">info@lacartoleria.ch<\/a><\/p>\n<\/div><\/div><\/div><\/div><div class=\"et_pb_row_5 et_pb_row et_block_row\"><div class=\"et_pb_column_6 et_pb_column et_pb_column_4_4 et-last-child et_block_column et_pb_css_mix_blend_mode_passthrough\"><div class=\"et_pb_divider_2 et_pb_divider et_pb_space et_pb_divider_position_top et_pb_module\"><div class=\"et_pb_divider_internal\"><\/div><\/div><\/div><\/div><\/div><div class=\"et_pb_section_3 et_pb_section et_pb_fullwidth_section et_section_regular et_block_section\"><div class=\"et_pb_fullwidth_code_0 et_pb_fullwidth_code et_pb_module\"><div class=\"et_pb_code_inner\"><iframe loading=\"lazy\" src=\"https:\/\/www.google.com\/maps\/embed?pb=!1m18!1m12!1m3!1d2763.7411230935377!2d8.76613491578405!3d46.155900895042386!2m3!1f0!2f0!3f0!3m2!1i1024!2i768!4f13.1!3m3!1m2!1s0x4785c869f5a2da0d%3A0x5cc834b2960417a1!2sFondazione%20Rolf%20G%C3%A9rard!5e0!3m2!1sit!2sch!4v1603710768756!5m2!1sit!2sch\" width=\"1900\" height=\"600\" frameborder=\"0\" style=\"border:0;\" allowfullscreen=\"\" aria-hidden=\"false\" tabindex=\"0\"><\/iframe><\/div><\/div><\/div>\n","protected":false},"excerpt":{"rendered":"","protected":false},"author":1,"featured_media":0,"parent":0,"menu_order":0,"comment_status":"closed","ping_status":"closed","template":"","meta":{"footnotes":""},"class_list":["post-1242","page","type-page","status-publish","hentry"],"yoast_head":"<!-- This site is optimized with the Yoast SEO plugin v27.4 - https:\/\/yoast.com\/product\/yoast-seo-wordpress\/ -->\n<title>Kontakte &#187; FONDAZIONE ROLF G\u00c9RARD<\/title>\n<meta name=\"description\" content=\"Rolf G\u00e9rard Stiftung: In unserem Online-Shop k\u00f6nnen Sie kaufen: Werke, B\u00fccher, Postkarten und andere kleine Objekte.\" \/>\n<meta name=\"robots\" content=\"index, follow, max-snippet:-1, max-image-preview:large, max-video-preview:-1\" \/>\n<link rel=\"canonical\" href=\"https:\/\/rolfgerard.com\/de\/kontakte\/\" \/>\n<meta property=\"og:locale\" content=\"de_DE\" \/>\n<meta property=\"og:type\" content=\"article\" \/>\n<meta property=\"og:title\" content=\"Kontakte &#187; FONDAZIONE ROLF G\u00c9RARD\" \/>\n<meta property=\"og:description\" content=\"Rolf G\u00e9rard Stiftung: In unserem Online-Shop k\u00f6nnen Sie kaufen: Werke, B\u00fccher, Postkarten und andere kleine Objekte.\" \/>\n<meta property=\"og:url\" content=\"https:\/\/rolfgerard.com\/de\/kontakte\/\" \/>\n<meta property=\"og:site_name\" content=\"FONDAZIONE ROLF G\u00c9RARD\" \/>\n<meta property=\"article:publisher\" content=\"https:\/\/www.facebook.com\/rolf.gerard.50\" \/>\n<meta property=\"article:modified_time\" content=\"2026-03-30T08:25:17+00:00\" \/>\n<meta property=\"og:image\" content=\"https:\/\/rolfgerard.com\/wp-content\/uploads\/2020\/09\/1-3.jpg\" \/>\n\t<meta property=\"og:image:width\" content=\"808\" \/>\n\t<meta property=\"og:image:height\" content=\"355\" \/>\n\t<meta property=\"og:image:type\" content=\"image\/jpeg\" \/>\n<meta name=\"twitter:card\" content=\"summary_large_image\" \/>\n<script type=\"application\/ld+json\" class=\"yoast-schema-graph\">{\"@context\":\"https:\\\/\\\/schema.org\",\"@graph\":[{\"@type\":\"WebPage\",\"@id\":\"https:\\\/\\\/rolfgerard.com\\\/de\\\/kontakte\\\/\",\"url\":\"https:\\\/\\\/rolfgerard.com\\\/de\\\/kontakte\\\/\",\"name\":\"Kontakte &#187; FONDAZIONE ROLF G\u00c9RARD\",\"isPartOf\":{\"@id\":\"https:\\\/\\\/rolfgerard.com\\\/de\\\/#website\"},\"datePublished\":\"2020-09-15T17:09:35+00:00\",\"dateModified\":\"2026-03-30T08:25:17+00:00\",\"description\":\"Rolf G\u00e9rard Stiftung: In unserem Online-Shop k\u00f6nnen Sie kaufen: Werke, B\u00fccher, Postkarten und andere kleine Objekte.\",\"inLanguage\":\"de\",\"potentialAction\":[{\"@type\":\"ReadAction\",\"target\":[\"https:\\\/\\\/rolfgerard.com\\\/de\\\/kontakte\\\/\"]}]},{\"@type\":\"WebSite\",\"@id\":\"https:\\\/\\\/rolfgerard.com\\\/de\\\/#website\",\"url\":\"https:\\\/\\\/rolfgerard.com\\\/de\\\/\",\"name\":\"FONDAZIONE ROLF G\u00c9RARD\",\"description\":\"\",\"publisher\":{\"@id\":\"https:\\\/\\\/rolfgerard.com\\\/de\\\/#organization\"},\"potentialAction\":[{\"@type\":\"SearchAction\",\"target\":{\"@type\":\"EntryPoint\",\"urlTemplate\":\"https:\\\/\\\/rolfgerard.com\\\/de\\\/?s={search_term_string}\"},\"query-input\":{\"@type\":\"PropertyValueSpecification\",\"valueRequired\":true,\"valueName\":\"search_term_string\"}}],\"inLanguage\":\"de\"},{\"@type\":\"Organization\",\"@id\":\"https:\\\/\\\/rolfgerard.com\\\/de\\\/#organization\",\"name\":\"FONDAZIONE ROLF G\u00c9RARD\",\"url\":\"https:\\\/\\\/rolfgerard.com\\\/de\\\/\",\"logo\":{\"@type\":\"ImageObject\",\"inLanguage\":\"de\",\"@id\":\"https:\\\/\\\/rolfgerard.com\\\/de\\\/#\\\/schema\\\/logo\\\/image\\\/\",\"url\":\"https:\\\/\\\/rolfgerard.com\\\/wp-content\\\/uploads\\\/2026\\\/03\\\/LFRG.png\",\"contentUrl\":\"https:\\\/\\\/rolfgerard.com\\\/wp-content\\\/uploads\\\/2026\\\/03\\\/LFRG.png\",\"width\":900,\"height\":149,\"caption\":\"FONDAZIONE ROLF G\u00c9RARD\"},\"image\":{\"@id\":\"https:\\\/\\\/rolfgerard.com\\\/de\\\/#\\\/schema\\\/logo\\\/image\\\/\"},\"sameAs\":[\"https:\\\/\\\/www.facebook.com\\\/rolf.gerard.50\"]}]}<\/script>\n<!-- \/ Yoast SEO plugin. -->","yoast_head_json":{"title":"Kontakte &#187; FONDAZIONE ROLF G\u00c9RARD","description":"Rolf G\u00e9rard Stiftung: In unserem Online-Shop k\u00f6nnen Sie kaufen: Werke, B\u00fccher, Postkarten und andere kleine Objekte.","robots":{"index":"index","follow":"follow","max-snippet":"max-snippet:-1","max-image-preview":"max-image-preview:large","max-video-preview":"max-video-preview:-1"},"canonical":"https:\/\/rolfgerard.com\/de\/kontakte\/","og_locale":"de_DE","og_type":"article","og_title":"Kontakte &#187; FONDAZIONE ROLF G\u00c9RARD","og_description":"Rolf G\u00e9rard Stiftung: In unserem Online-Shop k\u00f6nnen Sie kaufen: Werke, B\u00fccher, Postkarten und andere kleine Objekte.","og_url":"https:\/\/rolfgerard.com\/de\/kontakte\/","og_site_name":"FONDAZIONE ROLF G\u00c9RARD","article_publisher":"https:\/\/www.facebook.com\/rolf.gerard.50","article_modified_time":"2026-03-30T08:25:17+00:00","og_image":[{"width":808,"height":355,"url":"https:\/\/rolfgerard.com\/wp-content\/uploads\/2020\/09\/1-3.jpg","type":"image\/jpeg"}],"twitter_card":"summary_large_image","schema":{"@context":"https:\/\/schema.org","@graph":[{"@type":"WebPage","@id":"https:\/\/rolfgerard.com\/de\/kontakte\/","url":"https:\/\/rolfgerard.com\/de\/kontakte\/","name":"Kontakte &#187; FONDAZIONE ROLF G\u00c9RARD","isPartOf":{"@id":"https:\/\/rolfgerard.com\/de\/#website"},"datePublished":"2020-09-15T17:09:35+00:00","dateModified":"2026-03-30T08:25:17+00:00","description":"Rolf G\u00e9rard Stiftung: In unserem Online-Shop k\u00f6nnen Sie kaufen: Werke, B\u00fccher, Postkarten und andere kleine Objekte.","inLanguage":"de","potentialAction":[{"@type":"ReadAction","target":["https:\/\/rolfgerard.com\/de\/kontakte\/"]}]},{"@type":"WebSite","@id":"https:\/\/rolfgerard.com\/de\/#website","url":"https:\/\/rolfgerard.com\/de\/","name":"FONDAZIONE ROLF G\u00c9RARD","description":"","publisher":{"@id":"https:\/\/rolfgerard.com\/de\/#organization"},"potentialAction":[{"@type":"SearchAction","target":{"@type":"EntryPoint","urlTemplate":"https:\/\/rolfgerard.com\/de\/?s={search_term_string}"},"query-input":{"@type":"PropertyValueSpecification","valueRequired":true,"valueName":"search_term_string"}}],"inLanguage":"de"},{"@type":"Organization","@id":"https:\/\/rolfgerard.com\/de\/#organization","name":"FONDAZIONE ROLF G\u00c9RARD","url":"https:\/\/rolfgerard.com\/de\/","logo":{"@type":"ImageObject","inLanguage":"de","@id":"https:\/\/rolfgerard.com\/de\/#\/schema\/logo\/image\/","url":"https:\/\/rolfgerard.com\/wp-content\/uploads\/2026\/03\/LFRG.png","contentUrl":"https:\/\/rolfgerard.com\/wp-content\/uploads\/2026\/03\/LFRG.png","width":900,"height":149,"caption":"FONDAZIONE ROLF G\u00c9RARD"},"image":{"@id":"https:\/\/rolfgerard.com\/de\/#\/schema\/logo\/image\/"},"sameAs":["https:\/\/www.facebook.com\/rolf.gerard.50"]}]}},"_links":{"self":[{"href":"https:\/\/rolfgerard.com\/de\/wp-json\/wp\/v2\/pages\/1242","targetHints":{"allow":["GET"]}}],"collection":[{"href":"https:\/\/rolfgerard.com\/de\/wp-json\/wp\/v2\/pages"}],"about":[{"href":"https:\/\/rolfgerard.com\/de\/wp-json\/wp\/v2\/types\/page"}],"author":[{"embeddable":true,"href":"https:\/\/rolfgerard.com\/de\/wp-json\/wp\/v2\/users\/1"}],"replies":[{"embeddable":true,"href":"https:\/\/rolfgerard.com\/de\/wp-json\/wp\/v2\/comments?post=1242"}],"version-history":[{"count":2,"href":"https:\/\/rolfgerard.com\/de\/wp-json\/wp\/v2\/pages\/1242\/revisions"}],"predecessor-version":[{"id":6268,"href":"https:\/\/rolfgerard.com\/de\/wp-json\/wp\/v2\/pages\/1242\/revisions\/6268"}],"wp:attachment":[{"href":"https:\/\/rolfgerard.com\/de\/wp-json\/wp\/v2\/media?parent=1242"}],"curies":[{"name":"wp","href":"https:\/\/api.w.org\/{rel}","templated":true}]}}